{"id":61,"date":"2020-05-29T11:06:22","date_gmt":"2020-05-29T11:06:22","guid":{"rendered":"http:\/\/juergenreiners.de\/?page_id=61"},"modified":"2026-02-13T16:56:14","modified_gmt":"2026-02-13T16:56:14","slug":"impressum","status":"publish","type":"page","link":"http:\/\/juergenreiners.de\/?page_id=61","title":{"rendered":"Impressum"},"content":{"rendered":"\n<p><strong>J\u00fcrgen Reiners<\/strong><br>Dipl-Ing. Architekt<br>B\u00fcrgerstra\u00dfe 35<br>26123 Oldenburg<\/p>\n\n\n\n<p><strong>Telefon:<\/strong> 0441\/ 55 9 77 6 88  <br> <strong>E-Mail:<\/strong> info@architekt-reiners.de<br><a href=\"http:\/\/www.architekt-reiners.de\">www.juergenreiners.de<\/a> <\/p>\n\n\n\n<p>Der B\u00fcroinhaber Dipl.-Ing. Architekt J\u00fcrgen Reiners ist seit 04\/2000   freischaffendes Mitglied der Architektenkammer Niedersachsen unter der <br><strong>Eintragungslisten-Nr<\/strong>. 15.134<br><strong>USt-IdNr.<\/strong> DE201470083  <br><strong>Steuernummer:<\/strong> 64\/121\/06905 FA Oldenburg<\/p>\n\n\n\n<p>Inhaltlich Verantwortlicher gem\u00e4\u00df \u00a7 10 Absatz 3 MDStV: J\u00fcrgen Reiners <br>(Anschrift wie oben)<\/p>\n\n\n\n<p>Haftungshinweis: Trotz sorgf\u00e4ltiger inhaltlicher Kontrolle\n\u00fcbernehmen wir keine Haftung f\u00fcr die Inhalte externer Links. F\u00fcr\nden Inhalt der verlinkten Seiten sind ausschlie\u00dflich deren Betreiber\nverantwortlich.<\/p>\n","protected":false},"excerpt":{"rendered":"<p>J\u00fcrgen ReinersDipl-Ing. ArchitektB\u00fcrgerstra\u00dfe 3526123 Oldenburg Telefon: 0441\/ 55 9 77 6 88 E-Mail: info@architekt-reiners.dewww.juergenreiners.de Der B\u00fcroinhaber Dipl.-Ing. Architekt J\u00fcrgen Reiners ist seit 04\/2000 freischaffendes Mitglied der Architektenkammer Niedersachsen unter der Eintragungslisten-Nr. 15.134USt-IdNr. DE201470083 Steuernummer: 64\/121\/06905 FA Oldenburg Inhaltlich Verantwortlicher gem\u00e4\u00df \u00a7 10 Absatz 3 MDStV: J\u00fcrgen Reiners (Anschrift wie oben) Haftungshinweis: Trotz sorgf\u00e4ltiger inhaltlicher Kontrolle &hellip; <\/p>\n<p class=\"link-more\"><a href=\"http:\/\/juergenreiners.de\/?page_id=61\" class=\"more-link\"><span class=\"screen-reader-text\">\u201eImpressum\u201c <\/span>weiterlesen<\/a><\/p>\n","protected":false},"author":1,"featured_media":0,"parent":0,"menu_order":0,"comment_status":"closed","ping_status":"closed","template":"","meta":[],"_links":{"self":[{"href":"http:\/\/juergenreiners.de\/index.php?rest_route=\/wp\/v2\/pages\/61"}],"collection":[{"href":"http:\/\/juergenreiners.de\/index.php?rest_route=\/wp\/v2\/pages"}],"about":[{"href":"http:\/\/juergenreiners.de\/index.php?rest_route=\/wp\/v2\/types\/page"}],"author":[{"embeddable":true,"href":"http:\/\/juergenreiners.de\/index.php?rest_route=\/wp\/v2\/users\/1"}],"replies":[{"embeddable":true,"href":"http:\/\/juergenreiners.de\/index.php?rest_route=%2Fwp%2Fv2%2Fcomments&post=61"}],"version-history":[{"count":6,"href":"http:\/\/juergenreiners.de\/index.php?rest_route=\/wp\/v2\/pages\/61\/revisions"}],"predecessor-version":[{"id":157,"href":"http:\/\/juergenreiners.de\/index.php?rest_route=\/wp\/v2\/pages\/61\/revisions\/157"}],"wp:attachment":[{"href":"http:\/\/juergenreiners.de\/index.php?rest_route=%2Fwp%2Fv2%2Fmedia&parent=61"}],"curies":[{"name":"wp","href":"https:\/\/api.w.org\/{rel}","templated":true}]}}